{"id":195,"date":"2017-03-10T08:20:05","date_gmt":"2017-03-10T08:20:05","guid":{"rendered":"http:\/\/prueba.desideriodelgado.com\/?page_id=195"},"modified":"2023-07-18T11:32:51","modified_gmt":"2023-07-18T11:32:51","slug":"trayectoria","status":"publish","type":"page","link":"https:\/\/www.desideriodelgado.com\/index.php\/curriculum\/trayectoria\/","title":{"rendered":"exposiciones colectivas"},"content":{"rendered":"<p><strong>1991 <\/strong>\u00a0\u00a0Seleccionado para el Certamen Nacional Pintores para el 92. C\u00f3rdoba.<\/p>\n<p><strong>1992 <\/strong>\u00a0\u00a0C\u00f3rdoba. Arte Contempor\u00e1neo 1957-1990.<\/p>\n<p>Exposici\u00f3n de dibujo en Galer\u00eda de Arte Ocre. C\u00f3rdoba.<\/p>\n<p>Finalista en el Premio de Pintura La Caja, para artistas cordobeses.<\/p>\n<p>Seleccionado en el XIV Sal\u00f3n de oto\u00f1o de Pintura. C\u00e1ceres.<\/p>\n<p><strong>1994 <\/strong>\u00a0\u00a0Finalista Premio Pintura Rural. Caja Rural. Sevilla.<\/p>\n<p>III Feria de Arte.<\/p>\n<p>Santander. Galer\u00eda Haurie.<\/p>\n<p><strong>1995 <\/strong>\u00a0\u00a0IV Feria de Arte Santander. Galer\u00eda Haurie.<\/p>\n<p>La Catedral y su entorno. Burgos.<\/p>\n<p>La M\u00fasica en la Pintura. Palacio de Viana. C\u00f3rdoba.<\/p>\n<p><strong>1996 <\/strong>\u00a0\u00a0La Nueva Realidad Sevillana y Madrile\u00f1a en la Pintura. Las Palmas de Gran Canaria.<\/p>\n<p>V Feria de Arte. Santander.<\/p>\n<p>Seleccionado en Premio de Pintura Puerto Ban\u00fas. Marbella (M\u00e1laga).<\/p>\n<p><strong>1997 <\/strong>\u00a0\u00a01\u00aa Feria Internacional de Arte Contempor\u00e1neo de Castilla y Le\u00f3n.<\/p>\n<p>Artexpo. Feria de Arte de Barcelona. Galer\u00eda Haurie.<\/p>\n<p>VI Feria de Arte. Santander.<\/p>\n<p><strong>1998 <\/strong>\u00a0\u00a0Feria Internacional de Arte Contempor\u00e1neo MAC. Marbella (M\u00e1laga).<\/p>\n<p>Feria Internacional de Arte Interart. Valencia.<\/p>\n<p>VII Feria de Arte. Santander.<\/p>\n<p><strong>1999 <\/strong>\u00a0\u00a0Expresi\u00f3n Tres-99. Caja de Ahorros de Burgos.<\/p>\n<p>Colectiva de Dibujo. Galer\u00eda de Arte Haurie. Sevilla.<\/p>\n<p>VIII Feria de Arte. Santander.<\/p>\n<p><strong>2000 <\/strong>\u00a0\u00a0Arte Sevilla. Feria de Arte Contempor\u00e1neo.<\/p>\n<p>Sala de Exposiciones en Caja de Ahorros de Burgos.<\/p>\n<p><strong>2001 <\/strong>\u00a0\u00a01\u00aa Feria Dearte Actual. Madrid. Galer\u00eda Haurie.<\/p>\n<p>Peque\u00f1o Formato. Galer\u00eda de Arte Haurie. Sevilla.<\/p>\n<p><strong>2002 <\/strong>\u00a0\u00a0Encuentro con el Dibujo I. Galer\u00eda Haurie. Sevilla.<\/p>\n<p>En un mismo espacio. Galer\u00eda de Arte Carmen del Campo. C\u00f3rdoba.<\/p>\n<p>Estiarte 2002. Galer\u00eda de Arte Jos\u00e9 Pedraza. Montilla (C\u00f3rdoba)<\/p>\n<p><strong>2003 <\/strong>\u00a0\u00a0Figuraci\u00f3n II. Galer\u00eda Haurie. Sevilla.<\/p>\n<p>El toro y su entorno. Galer\u00eda de Arte Carmen del Campo. C\u00f3rdoba.<\/p>\n<p>Peque\u00f1o Formato. Galer\u00eda Haurie. Sevilla.<\/p>\n<p>Colectiva Navidad. Galer\u00eda Jos\u00e9 Pedraza. Montilla, C\u00f3rdoba.<\/p>\n<p>Dibujos, adquisiciones y donaciones, Museo de Bellas Artes de C\u00f3rdoba.<\/p>\n<p>Estiarte 03. Galer\u00eda Jos\u00e9 Pedraza. Montilla, C\u00f3rdoba.<\/p>\n<p><strong>2004 <\/strong>\u00a0\u00a0Galer\u00eda Carmen del Campo. C\u00f3rdoba<\/p>\n<p>Feria Arte Contempor\u00e1neo, Arte Sevilla.<\/p>\n<p>Estiarte 04. Galer\u00eda Jos\u00e9 Pedraza. Montilla, C\u00f3rdoba.<\/p>\n<p>Dibujos del Museo de Bellas Artes de C\u00f3rdoba.<\/p>\n<p>Fundaci\u00f3n Jos\u00e9 Manuel Lara. Sevilla.<\/p>\n<p><strong>2005 <\/strong>\u00a0\u00a0Colectiva Autores de la galer\u00eda. Galer\u00eda Carmen del Campo. C\u00f3rdoba.<\/p>\n<p>Estiarte 05. Galer\u00eda Jos\u00e9 Pedraza. Montilla.<\/p>\n<p><strong>2006 <\/strong>\u00a0\u00a0Colectiva Autores de la galer\u00eda. Galer\u00eda Carmen del Campo. C\u00f3rdoba.<\/p>\n<p><strong>2007 <\/strong>\u00a0\u00a0ART MADRID 07. Galer\u00eda Carmen del Campo. C\u00f3rdoba.<\/p>\n<p><strong>2008 <\/strong>\u00a0\u00a0ART MADRID 08. Galer\u00eda Carmen del Campo. C\u00f3rdoba.<\/p>\n<p>Autores de la galer\u00eda. Galer\u00eda Carmen del Campo. C\u00f3rdoba.<\/p>\n<p><strong>2009 <\/strong>\u00a0\u00a0XXX Festival de la Guitarra de C\u00f3rdoba. Sala Muse\u00edstica de Cajasur. C\u00f3rdoba.<\/p>\n<p><strong>2010 <\/strong>\u00a0\u00a0Imagen de G\u00f3ngora. Galer\u00eda Carmen del Campo (C\u00f3rdoba) y Universidad de C\u00f3rdoba.<\/p>\n<p>Propuestas de 36. Galer\u00eda Jos\u00e9 Pedraza. Montilla.<\/p>\n<p><strong>2012 <\/strong>\u00a0\u00a0\u00abPoes\u00eda, arte y flamenco\u00bb. Instituto Cervantes de Fez. Marruecos<\/p>\n<p><strong>2013 <\/strong>\u00a0\u00a0Exposici\u00f3n Homenaje. Casa G\u00f3ngora. C\u00f3rdoba<\/p>\n<p>Revisiones. Galer\u00eda Jos\u00e9 Pedraza. Montilla.<\/p>\n<p><strong>2014 <\/strong>\u00a0\u00a0Revisiones 2. Galer\u00eda Jos\u00e9 Pedraza. Montilla.<\/p>\n<p><strong>2015 <\/strong>\u00a0\u00a0C\u00f3rdoba luciente en sus fundaciones y museos. Museo de Bellas Artes de Bilbao.<\/p>\n<p>Par\u00e9ntesis. Galer\u00eda Jos\u00e9 Pedraza. Montilla.<\/p>\n<p><strong>2016 <\/strong>\u00a0\u00a040X40. Galer\u00eda Haurie. Sevilla.<\/p>\n<p>Fondos de Galer\u00eda. Galer\u00eda Carmen del Campo. C\u00f3rdoba.<\/p>\n<p>Esenciales. Galer\u00eda Jos\u00e9 Pedraza. Montilla.<\/p>\n<p><strong>2017 <\/strong>\u00a0\u00a0L\u00f3gicas territoriales. Galer\u00eda Carmen del Campo. C\u00f3rdoba.<\/p>\n<p>HOMENAJE A C\u00c1NTICO, en el Centenario de Ricardo Molina y Miguel del Moral (1917-2017)<\/p>\n<p><strong>2022 <\/strong>\u00a0 FIGURAS Y FORMAS. Artistas de la Real Academia de C\u00f3rdoba. C\u00f3rdoba.<\/p>\n","protected":false},"excerpt":{"rendered":"<p>1991 \u00a0\u00a0Seleccionado para el Certamen Nacional Pintores para el 92. C\u00f3rdoba. 1992 \u00a0\u00a0C\u00f3rdoba. Arte Contempor\u00e1neo 1957-1990. Exposici\u00f3n de dibujo en Galer\u00eda de Arte Ocre. C\u00f3rdoba. Finalista en el Premio de Pintura La Caja, para artistas cordobeses. Seleccionado en el XIV Sal\u00f3n de oto\u00f1o de Pintura. C\u00e1ceres. 1994 \u00a0\u00a0Finalista Premio Pintura Rural. Caja Rural. Sevilla. III &hellip; <\/p>\n<p class=\"link-more\"><a href=\"https:\/\/www.desideriodelgado.com\/index.php\/curriculum\/trayectoria\/\" class=\"more-link\">Continuar leyendo<span class=\"screen-reader-text\"> \u00abexposiciones colectivas\u00bb<\/span><\/a><\/p>\n","protected":false},"author":1,"featured_media":0,"parent":54,"menu_order":0,"comment_status":"closed","ping_status":"closed","template":"","meta":[],"yoast_head":"<!-- This site is optimized with the Yoast SEO plugin v20.11 - https:\/\/yoast.com\/wordpress\/plugins\/seo\/ -->\n<title>exposiciones colectivas - Desiderio Delgado<\/title>\n<meta name=\"robots\" content=\"index, follow, max-snippet:-1, max-image-preview:large, max-video-preview:-1\" \/>\n<link rel=\"canonical\" href=\"https:\/\/www.desideriodelgado.com\/index.php\/curriculum\/trayectoria\/\" \/>\n<meta property=\"og:locale\" content=\"es_ES\" \/>\n<meta property=\"og:type\" content=\"article\" \/>\n<meta property=\"og:title\" content=\"exposiciones colectivas - Desiderio Delgado\" \/>\n<meta property=\"og:description\" content=\"1991 \u00a0\u00a0Seleccionado para el Certamen Nacional Pintores para el 92. C\u00f3rdoba. 1992 \u00a0\u00a0C\u00f3rdoba. Arte Contempor\u00e1neo 1957-1990. Exposici\u00f3n de dibujo en Galer\u00eda de Arte Ocre. C\u00f3rdoba. Finalista en el Premio de Pintura La Caja, para artistas cordobeses. Seleccionado en el XIV Sal\u00f3n de oto\u00f1o de Pintura. C\u00e1ceres. 1994 \u00a0\u00a0Finalista Premio Pintura Rural. Caja Rural. Sevilla. III &hellip; Continuar leyendo &quot;exposiciones colectivas&quot;\" \/>\n<meta property=\"og:url\" content=\"https:\/\/www.desideriodelgado.com\/index.php\/curriculum\/trayectoria\/\" \/>\n<meta property=\"og:site_name\" content=\"Desiderio Delgado\" \/>\n<meta property=\"article:modified_time\" content=\"2023-07-18T11:32:51+00:00\" \/>\n<meta name=\"twitter:card\" content=\"summary_large_image\" \/>\n<meta name=\"twitter:label1\" content=\"Tiempo de lectura\" \/>\n\t<meta name=\"twitter:data1\" content=\"3 minutos\" \/>\n<script type=\"application\/ld+json\" class=\"yoast-schema-graph\">{\"@context\":\"https:\/\/schema.org\",\"@graph\":[{\"@type\":\"WebPage\",\"@id\":\"https:\/\/www.desideriodelgado.com\/index.php\/curriculum\/trayectoria\/\",\"url\":\"https:\/\/www.desideriodelgado.com\/index.php\/curriculum\/trayectoria\/\",\"name\":\"exposiciones colectivas - Desiderio Delgado\",\"isPartOf\":{\"@id\":\"https:\/\/www.desideriodelgado.com\/#website\"},\"datePublished\":\"2017-03-10T08:20:05+00:00\",\"dateModified\":\"2023-07-18T11:32:51+00:00\",\"breadcrumb\":{\"@id\":\"https:\/\/www.desideriodelgado.com\/index.php\/curriculum\/trayectoria\/#breadcrumb\"},\"inLanguage\":\"es\",\"potentialAction\":[{\"@type\":\"ReadAction\",\"target\":[\"https:\/\/www.desideriodelgado.com\/index.php\/curriculum\/trayectoria\/\"]}]},{\"@type\":\"BreadcrumbList\",\"@id\":\"https:\/\/www.desideriodelgado.com\/index.php\/curriculum\/trayectoria\/#breadcrumb\",\"itemListElement\":[{\"@type\":\"ListItem\",\"position\":1,\"name\":\"Portada\",\"item\":\"https:\/\/www.desideriodelgado.com\/\"},{\"@type\":\"ListItem\",\"position\":2,\"name\":\"curriculum\",\"item\":\"http:\/\/www.desideriodelgado.com\/index.php\/curriculum\/\"},{\"@type\":\"ListItem\",\"position\":3,\"name\":\"exposiciones colectivas\"}]},{\"@type\":\"WebSite\",\"@id\":\"https:\/\/www.desideriodelgado.com\/#website\",\"url\":\"https:\/\/www.desideriodelgado.com\/\",\"name\":\"Desiderio Delgado\",\"description\":\"\",\"publisher\":{\"@id\":\"https:\/\/www.desideriodelgado.com\/#organization\"},\"potentialAction\":[{\"@type\":\"SearchAction\",\"target\":{\"@type\":\"EntryPoint\",\"urlTemplate\":\"https:\/\/www.desideriodelgado.com\/?s={search_term_string}\"},\"query-input\":\"required name=search_term_string\"}],\"inLanguage\":\"es\"},{\"@type\":\"Organization\",\"@id\":\"https:\/\/www.desideriodelgado.com\/#organization\",\"name\":\"Desiderio Delgado\",\"url\":\"https:\/\/www.desideriodelgado.com\/\",\"logo\":{\"@type\":\"ImageObject\",\"inLanguage\":\"es\",\"@id\":\"https:\/\/www.desideriodelgado.com\/#\/schema\/logo\/image\/\",\"url\":\"https:\/\/www.desideriodelgado.com\/wp-content\/uploads\/2017\/03\/cropped-DesiCabeceraM.png\",\"contentUrl\":\"https:\/\/www.desideriodelgado.com\/wp-content\/uploads\/2017\/03\/cropped-DesiCabeceraM.png\",\"width\":771,\"height\":250,\"caption\":\"Desiderio Delgado\"},\"image\":{\"@id\":\"https:\/\/www.desideriodelgado.com\/#\/schema\/logo\/image\/\"}}]}<\/script>\n<!-- \/ Yoast SEO plugin. -->","yoast_head_json":{"title":"exposiciones colectivas - Desiderio Delgado","robots":{"index":"index","follow":"follow","max-snippet":"max-snippet:-1","max-image-preview":"max-image-preview:large","max-video-preview":"max-video-preview:-1"},"canonical":"https:\/\/www.desideriodelgado.com\/index.php\/curriculum\/trayectoria\/","og_locale":"es_ES","og_type":"article","og_title":"exposiciones colectivas - Desiderio Delgado","og_description":"1991 \u00a0\u00a0Seleccionado para el Certamen Nacional Pintores para el 92. C\u00f3rdoba. 1992 \u00a0\u00a0C\u00f3rdoba. Arte Contempor\u00e1neo 1957-1990. Exposici\u00f3n de dibujo en Galer\u00eda de Arte Ocre. C\u00f3rdoba. Finalista en el Premio de Pintura La Caja, para artistas cordobeses. Seleccionado en el XIV Sal\u00f3n de oto\u00f1o de Pintura. C\u00e1ceres. 1994 \u00a0\u00a0Finalista Premio Pintura Rural. Caja Rural. Sevilla. III &hellip; Continuar leyendo \"exposiciones colectivas\"","og_url":"https:\/\/www.desideriodelgado.com\/index.php\/curriculum\/trayectoria\/","og_site_name":"Desiderio Delgado","article_modified_time":"2023-07-18T11:32:51+00:00","twitter_card":"summary_large_image","twitter_misc":{"Tiempo de lectura":"3 minutos"},"schema":{"@context":"https:\/\/schema.org","@graph":[{"@type":"WebPage","@id":"https:\/\/www.desideriodelgado.com\/index.php\/curriculum\/trayectoria\/","url":"https:\/\/www.desideriodelgado.com\/index.php\/curriculum\/trayectoria\/","name":"exposiciones colectivas - Desiderio Delgado","isPartOf":{"@id":"https:\/\/www.desideriodelgado.com\/#website"},"datePublished":"2017-03-10T08:20:05+00:00","dateModified":"2023-07-18T11:32:51+00:00","breadcrumb":{"@id":"https:\/\/www.desideriodelgado.com\/index.php\/curriculum\/trayectoria\/#breadcrumb"},"inLanguage":"es","potentialAction":[{"@type":"ReadAction","target":["https:\/\/www.desideriodelgado.com\/index.php\/curriculum\/trayectoria\/"]}]},{"@type":"BreadcrumbList","@id":"https:\/\/www.desideriodelgado.com\/index.php\/curriculum\/trayectoria\/#breadcrumb","itemListElement":[{"@type":"ListItem","position":1,"name":"Portada","item":"https:\/\/www.desideriodelgado.com\/"},{"@type":"ListItem","position":2,"name":"curriculum","item":"http:\/\/www.desideriodelgado.com\/index.php\/curriculum\/"},{"@type":"ListItem","position":3,"name":"exposiciones colectivas"}]},{"@type":"WebSite","@id":"https:\/\/www.desideriodelgado.com\/#website","url":"https:\/\/www.desideriodelgado.com\/","name":"Desiderio Delgado","description":"","publisher":{"@id":"https:\/\/www.desideriodelgado.com\/#organization"},"potentialAction":[{"@type":"SearchAction","target":{"@type":"EntryPoint","urlTemplate":"https:\/\/www.desideriodelgado.com\/?s={search_term_string}"},"query-input":"required name=search_term_string"}],"inLanguage":"es"},{"@type":"Organization","@id":"https:\/\/www.desideriodelgado.com\/#organization","name":"Desiderio Delgado","url":"https:\/\/www.desideriodelgado.com\/","logo":{"@type":"ImageObject","inLanguage":"es","@id":"https:\/\/www.desideriodelgado.com\/#\/schema\/logo\/image\/","url":"https:\/\/www.desideriodelgado.com\/wp-content\/uploads\/2017\/03\/cropped-DesiCabeceraM.png","contentUrl":"https:\/\/www.desideriodelgado.com\/wp-content\/uploads\/2017\/03\/cropped-DesiCabeceraM.png","width":771,"height":250,"caption":"Desiderio Delgado"},"image":{"@id":"https:\/\/www.desideriodelgado.com\/#\/schema\/logo\/image\/"}}]}},"_links":{"self":[{"href":"https:\/\/www.desideriodelgado.com\/index.php\/wp-json\/wp\/v2\/pages\/195"}],"collection":[{"href":"https:\/\/www.desideriodelgado.com\/index.php\/wp-json\/wp\/v2\/pages"}],"about":[{"href":"https:\/\/www.desideriodelgado.com\/index.php\/wp-json\/wp\/v2\/types\/page"}],"author":[{"embeddable":true,"href":"https:\/\/www.desideriodelgado.com\/index.php\/wp-json\/wp\/v2\/users\/1"}],"replies":[{"embeddable":true,"href":"https:\/\/www.desideriodelgado.com\/index.php\/wp-json\/wp\/v2\/comments?post=195"}],"version-history":[{"count":36,"href":"https:\/\/www.desideriodelgado.com\/index.php\/wp-json\/wp\/v2\/pages\/195\/revisions"}],"predecessor-version":[{"id":730,"href":"https:\/\/www.desideriodelgado.com\/index.php\/wp-json\/wp\/v2\/pages\/195\/revisions\/730"}],"up":[{"embeddable":true,"href":"https:\/\/www.desideriodelgado.com\/index.php\/wp-json\/wp\/v2\/pages\/54"}],"wp:attachment":[{"href":"https:\/\/www.desideriodelgado.com\/index.php\/wp-json\/wp\/v2\/media?parent=195"}],"curies":[{"name":"wp","href":"https:\/\/api.w.org\/{rel}","templated":true}]}}