{"id":234,"date":"2017-03-10T09:32:46","date_gmt":"2017-03-10T09:32:46","guid":{"rendered":"http:\/\/prueba.desideriodelgado.com\/?page_id=234"},"modified":"2017-05-05T17:59:49","modified_gmt":"2017-05-05T17:59:49","slug":"museos-e-instituciones","status":"publish","type":"page","link":"https:\/\/www.desideriodelgado.com\/index.php\/museos-e-instituciones\/","title":{"rendered":"museos e instituciones"},"content":{"rendered":"<p>Museo de Bellas Artes. C\u00f3rdoba.<\/p>\n<p>Cajasur. C\u00f3rdoba.<\/p>\n<p>Caja Rural. Sevilla.<\/p>\n<p>Museo de Arte Contempor\u00e1neo. Tomelloso (Ciudad Real)<\/p>\n<p>Ayuntamiento de Montilla (C\u00f3rdoba)<\/p>\n<p>Ayuntamiento de Arjonilla (Ja\u00e9n)<\/p>\n<p>Ministerio de Trabajo y Asuntos Sociales. Madrid. (Retrato de D. Manuel Pimentel)<\/p>\n<p>Fundaci\u00f3n Provincial de Artes Pl\u00e1sticas Rafael Bot\u00ed. Diputaci\u00f3n de C\u00f3rdoba<\/p>\n","protected":false},"excerpt":{"rendered":"<p>Museo de Bellas Artes. C\u00f3rdoba. Cajasur. C\u00f3rdoba. Caja Rural. Sevilla. Museo de Arte Contempor\u00e1neo. Tomelloso (Ciudad Real) Ayuntamiento de Montilla (C\u00f3rdoba) Ayuntamiento de Arjonilla (Ja\u00e9n) Ministerio de Trabajo y Asuntos Sociales. Madrid. (Retrato de D. Manuel Pimentel) Fundaci\u00f3n Provincial de Artes Pl\u00e1sticas Rafael Bot\u00ed. Diputaci\u00f3n de C\u00f3rdoba<\/p>\n","protected":false},"author":1,"featured_media":0,"parent":0,"menu_order":0,"comment_status":"closed","ping_status":"closed","template":"","meta":[],"yoast_head":"<!-- This site is optimized with the Yoast SEO plugin v20.11 - https:\/\/yoast.com\/wordpress\/plugins\/seo\/ -->\n<title>museos e instituciones - Desiderio Delgado<\/title>\n<meta name=\"robots\" content=\"index, follow, max-snippet:-1, max-image-preview:large, max-video-preview:-1\" \/>\n<link rel=\"canonical\" href=\"https:\/\/www.desideriodelgado.com\/index.php\/museos-e-instituciones\/\" \/>\n<meta property=\"og:locale\" content=\"es_ES\" \/>\n<meta property=\"og:type\" content=\"article\" \/>\n<meta property=\"og:title\" content=\"museos e instituciones - Desiderio Delgado\" \/>\n<meta property=\"og:description\" content=\"Museo de Bellas Artes. C\u00f3rdoba. Cajasur. C\u00f3rdoba. Caja Rural. Sevilla. Museo de Arte Contempor\u00e1neo. Tomelloso (Ciudad Real) Ayuntamiento de Montilla (C\u00f3rdoba) Ayuntamiento de Arjonilla (Ja\u00e9n) Ministerio de Trabajo y Asuntos Sociales. Madrid. (Retrato de D. Manuel Pimentel) Fundaci\u00f3n Provincial de Artes Pl\u00e1sticas Rafael Bot\u00ed. Diputaci\u00f3n de C\u00f3rdoba\" \/>\n<meta property=\"og:url\" content=\"https:\/\/www.desideriodelgado.com\/index.php\/museos-e-instituciones\/\" \/>\n<meta property=\"og:site_name\" content=\"Desiderio Delgado\" \/>\n<meta property=\"article:modified_time\" content=\"2017-05-05T17:59:49+00:00\" \/>\n<meta name=\"twitter:card\" content=\"summary_large_image\" \/>\n<script type=\"application\/ld+json\" class=\"yoast-schema-graph\">{\"@context\":\"https:\/\/schema.org\",\"@graph\":[{\"@type\":\"WebPage\",\"@id\":\"https:\/\/www.desideriodelgado.com\/index.php\/museos-e-instituciones\/\",\"url\":\"https:\/\/www.desideriodelgado.com\/index.php\/museos-e-instituciones\/\",\"name\":\"museos e instituciones - Desiderio Delgado\",\"isPartOf\":{\"@id\":\"https:\/\/www.desideriodelgado.com\/#website\"},\"datePublished\":\"2017-03-10T09:32:46+00:00\",\"dateModified\":\"2017-05-05T17:59:49+00:00\",\"breadcrumb\":{\"@id\":\"https:\/\/www.desideriodelgado.com\/index.php\/museos-e-instituciones\/#breadcrumb\"},\"inLanguage\":\"es\",\"potentialAction\":[{\"@type\":\"ReadAction\",\"target\":[\"https:\/\/www.desideriodelgado.com\/index.php\/museos-e-instituciones\/\"]}]},{\"@type\":\"BreadcrumbList\",\"@id\":\"https:\/\/www.desideriodelgado.com\/index.php\/museos-e-instituciones\/#breadcrumb\",\"itemListElement\":[{\"@type\":\"ListItem\",\"position\":1,\"name\":\"Portada\",\"item\":\"https:\/\/www.desideriodelgado.com\/\"},{\"@type\":\"ListItem\",\"position\":2,\"name\":\"museos e instituciones\"}]},{\"@type\":\"WebSite\",\"@id\":\"https:\/\/www.desideriodelgado.com\/#website\",\"url\":\"https:\/\/www.desideriodelgado.com\/\",\"name\":\"Desiderio Delgado\",\"description\":\"\",\"publisher\":{\"@id\":\"https:\/\/www.desideriodelgado.com\/#organization\"},\"potentialAction\":[{\"@type\":\"SearchAction\",\"target\":{\"@type\":\"EntryPoint\",\"urlTemplate\":\"https:\/\/www.desideriodelgado.com\/?s={search_term_string}\"},\"query-input\":\"required name=search_term_string\"}],\"inLanguage\":\"es\"},{\"@type\":\"Organization\",\"@id\":\"https:\/\/www.desideriodelgado.com\/#organization\",\"name\":\"Desiderio Delgado\",\"url\":\"https:\/\/www.desideriodelgado.com\/\",\"logo\":{\"@type\":\"ImageObject\",\"inLanguage\":\"es\",\"@id\":\"https:\/\/www.desideriodelgado.com\/#\/schema\/logo\/image\/\",\"url\":\"https:\/\/www.desideriodelgado.com\/wp-content\/uploads\/2017\/03\/cropped-DesiCabeceraM.png\",\"contentUrl\":\"https:\/\/www.desideriodelgado.com\/wp-content\/uploads\/2017\/03\/cropped-DesiCabeceraM.png\",\"width\":771,\"height\":250,\"caption\":\"Desiderio Delgado\"},\"image\":{\"@id\":\"https:\/\/www.desideriodelgado.com\/#\/schema\/logo\/image\/\"}}]}<\/script>\n<!-- \/ Yoast SEO plugin. -->","yoast_head_json":{"title":"museos e instituciones - Desiderio Delgado","robots":{"index":"index","follow":"follow","max-snippet":"max-snippet:-1","max-image-preview":"max-image-preview:large","max-video-preview":"max-video-preview:-1"},"canonical":"https:\/\/www.desideriodelgado.com\/index.php\/museos-e-instituciones\/","og_locale":"es_ES","og_type":"article","og_title":"museos e instituciones - Desiderio Delgado","og_description":"Museo de Bellas Artes. C\u00f3rdoba. Cajasur. C\u00f3rdoba. Caja Rural. Sevilla. Museo de Arte Contempor\u00e1neo. Tomelloso (Ciudad Real) Ayuntamiento de Montilla (C\u00f3rdoba) Ayuntamiento de Arjonilla (Ja\u00e9n) Ministerio de Trabajo y Asuntos Sociales. Madrid. (Retrato de D. Manuel Pimentel) Fundaci\u00f3n Provincial de Artes Pl\u00e1sticas Rafael Bot\u00ed. Diputaci\u00f3n de C\u00f3rdoba","og_url":"https:\/\/www.desideriodelgado.com\/index.php\/museos-e-instituciones\/","og_site_name":"Desiderio Delgado","article_modified_time":"2017-05-05T17:59:49+00:00","twitter_card":"summary_large_image","schema":{"@context":"https:\/\/schema.org","@graph":[{"@type":"WebPage","@id":"https:\/\/www.desideriodelgado.com\/index.php\/museos-e-instituciones\/","url":"https:\/\/www.desideriodelgado.com\/index.php\/museos-e-instituciones\/","name":"museos e instituciones - Desiderio Delgado","isPartOf":{"@id":"https:\/\/www.desideriodelgado.com\/#website"},"datePublished":"2017-03-10T09:32:46+00:00","dateModified":"2017-05-05T17:59:49+00:00","breadcrumb":{"@id":"https:\/\/www.desideriodelgado.com\/index.php\/museos-e-instituciones\/#breadcrumb"},"inLanguage":"es","potentialAction":[{"@type":"ReadAction","target":["https:\/\/www.desideriodelgado.com\/index.php\/museos-e-instituciones\/"]}]},{"@type":"BreadcrumbList","@id":"https:\/\/www.desideriodelgado.com\/index.php\/museos-e-instituciones\/#breadcrumb","itemListElement":[{"@type":"ListItem","position":1,"name":"Portada","item":"https:\/\/www.desideriodelgado.com\/"},{"@type":"ListItem","position":2,"name":"museos e instituciones"}]},{"@type":"WebSite","@id":"https:\/\/www.desideriodelgado.com\/#website","url":"https:\/\/www.desideriodelgado.com\/","name":"Desiderio Delgado","description":"","publisher":{"@id":"https:\/\/www.desideriodelgado.com\/#organization"},"potentialAction":[{"@type":"SearchAction","target":{"@type":"EntryPoint","urlTemplate":"https:\/\/www.desideriodelgado.com\/?s={search_term_string}"},"query-input":"required name=search_term_string"}],"inLanguage":"es"},{"@type":"Organization","@id":"https:\/\/www.desideriodelgado.com\/#organization","name":"Desiderio Delgado","url":"https:\/\/www.desideriodelgado.com\/","logo":{"@type":"ImageObject","inLanguage":"es","@id":"https:\/\/www.desideriodelgado.com\/#\/schema\/logo\/image\/","url":"https:\/\/www.desideriodelgado.com\/wp-content\/uploads\/2017\/03\/cropped-DesiCabeceraM.png","contentUrl":"https:\/\/www.desideriodelgado.com\/wp-content\/uploads\/2017\/03\/cropped-DesiCabeceraM.png","width":771,"height":250,"caption":"Desiderio Delgado"},"image":{"@id":"https:\/\/www.desideriodelgado.com\/#\/schema\/logo\/image\/"}}]}},"_links":{"self":[{"href":"https:\/\/www.desideriodelgado.com\/index.php\/wp-json\/wp\/v2\/pages\/234"}],"collection":[{"href":"https:\/\/www.desideriodelgado.com\/index.php\/wp-json\/wp\/v2\/pages"}],"about":[{"href":"https:\/\/www.desideriodelgado.com\/index.php\/wp-json\/wp\/v2\/types\/page"}],"author":[{"embeddable":true,"href":"https:\/\/www.desideriodelgado.com\/index.php\/wp-json\/wp\/v2\/users\/1"}],"replies":[{"embeddable":true,"href":"https:\/\/www.desideriodelgado.com\/index.php\/wp-json\/wp\/v2\/comments?post=234"}],"version-history":[{"count":3,"href":"https:\/\/www.desideriodelgado.com\/index.php\/wp-json\/wp\/v2\/pages\/234\/revisions"}],"predecessor-version":[{"id":534,"href":"https:\/\/www.desideriodelgado.com\/index.php\/wp-json\/wp\/v2\/pages\/234\/revisions\/534"}],"wp:attachment":[{"href":"https:\/\/www.desideriodelgado.com\/index.php\/wp-json\/wp\/v2\/media?parent=234"}],"curies":[{"name":"wp","href":"https:\/\/api.w.org\/{rel}","templated":true}]}}