{"id":284,"date":"2017-03-10T12:35:52","date_gmt":"2017-03-10T12:35:52","guid":{"rendered":"http:\/\/prueba.desideriodelgado.com\/?page_id=284"},"modified":"2022-03-07T16:39:35","modified_gmt":"2022-03-07T16:39:35","slug":"actualmente","status":"publish","type":"page","link":"https:\/\/www.desideriodelgado.com\/index.php\/actualmente\/","title":{"rendered":"actualmente"},"content":{"rendered":"<p style=\"text-align: center;\"><a href=\"https:\/\/galeriahaurie.com\/desidero-delgado\/\"><img decoding=\"async\" loading=\"lazy\" class=\"alignnone wp-image-715 size-large\" src=\"http:\/\/www.desideriodelgado.com\/wp-content\/uploads\/2022\/03\/DesiderioDelgado-Haurie-1024x1024.jpg\" alt=\"\" width=\"525\" height=\"525\" srcset=\"https:\/\/www.desideriodelgado.com\/wp-content\/uploads\/2022\/03\/DesiderioDelgado-Haurie-1024x1024.jpg 1024w, https:\/\/www.desideriodelgado.com\/wp-content\/uploads\/2022\/03\/DesiderioDelgado-Haurie-300x300.jpg 300w, https:\/\/www.desideriodelgado.com\/wp-content\/uploads\/2022\/03\/DesiderioDelgado-Haurie-150x150.jpg 150w, https:\/\/www.desideriodelgado.com\/wp-content\/uploads\/2022\/03\/DesiderioDelgado-Haurie-768x768.jpg 768w, https:\/\/www.desideriodelgado.com\/wp-content\/uploads\/2022\/03\/DesiderioDelgado-Haurie-100x100.jpg 100w, https:\/\/www.desideriodelgado.com\/wp-content\/uploads\/2022\/03\/DesiderioDelgado-Haurie.jpg 1440w\" sizes=\"(max-width: 525px) 100vw, 525px\" \/><\/a><\/p>\n<p style=\"text-align: center;\"><em><strong><a href=\"https:\/\/desideriodelgado.com\/wp-content\/uploads\/2022\/03\/Catalogo_Desiderio_2022.pdf\">Cat\u00e1logo de la exposici\u00f3n<\/a><\/strong><\/em><\/p>\n<h1 style=\"text-align: center;\"><\/h1>\n<h1 style=\"text-align: center;\"><a href=\"https:\/\/galeriahaurie.com\/desidero-delgado\/\">Galeria Haurie &#8211; Sevilla<\/a><\/h1>\n<h1 style=\"text-align: center;\"><\/h1>\n<h1 style=\"text-align: center;\"><\/h1>\n<h1 style=\"text-align: center;\"><a href=\"https:\/\/galeriahaurie.com\/desidero-delgado\/\">Exposici\u00f3n marzo y abril de 2022<\/a><\/h1>\n<h1 style=\"text-align: center;\"><\/h1>\n","protected":false},"excerpt":{"rendered":"<p>Cat\u00e1logo de la exposici\u00f3n Galeria Haurie &#8211; Sevilla Exposici\u00f3n marzo y abril de 2022<\/p>\n","protected":false},"author":1,"featured_media":183,"parent":0,"menu_order":0,"comment_status":"closed","ping_status":"closed","template":"","meta":[],"yoast_head":"<!-- This site is optimized with the Yoast SEO plugin v20.11 - https:\/\/yoast.com\/wordpress\/plugins\/seo\/ -->\n<title>actualmente - Desiderio Delgado<\/title>\n<meta name=\"robots\" content=\"index, follow, max-snippet:-1, max-image-preview:large, max-video-preview:-1\" \/>\n<link rel=\"canonical\" href=\"https:\/\/www.desideriodelgado.com\/index.php\/actualmente\/\" \/>\n<meta property=\"og:locale\" content=\"es_ES\" \/>\n<meta property=\"og:type\" content=\"article\" \/>\n<meta property=\"og:title\" content=\"actualmente - Desiderio Delgado\" \/>\n<meta property=\"og:description\" content=\"Cat\u00e1logo de la exposici\u00f3n Galeria Haurie &#8211; Sevilla Exposici\u00f3n marzo y abril de 2022\" \/>\n<meta property=\"og:url\" content=\"https:\/\/www.desideriodelgado.com\/index.php\/actualmente\/\" \/>\n<meta property=\"og:site_name\" content=\"Desiderio Delgado\" \/>\n<meta property=\"article:modified_time\" content=\"2022-03-07T16:39:35+00:00\" \/>\n<meta property=\"og:image\" content=\"http:\/\/www.desideriodelgado.com\/wp-content\/uploads\/2017\/03\/foto01.jpg\" \/>\n\t<meta property=\"og:image:width\" content=\"1280\" \/>\n\t<meta property=\"og:image:height\" content=\"853\" \/>\n\t<meta property=\"og:image:type\" content=\"image\/jpeg\" \/>\n<meta name=\"twitter:card\" content=\"summary_large_image\" \/>\n<script type=\"application\/ld+json\" class=\"yoast-schema-graph\">{\"@context\":\"https:\/\/schema.org\",\"@graph\":[{\"@type\":\"WebPage\",\"@id\":\"https:\/\/www.desideriodelgado.com\/index.php\/actualmente\/\",\"url\":\"https:\/\/www.desideriodelgado.com\/index.php\/actualmente\/\",\"name\":\"actualmente - Desiderio Delgado\",\"isPartOf\":{\"@id\":\"https:\/\/www.desideriodelgado.com\/#website\"},\"datePublished\":\"2017-03-10T12:35:52+00:00\",\"dateModified\":\"2022-03-07T16:39:35+00:00\",\"breadcrumb\":{\"@id\":\"https:\/\/www.desideriodelgado.com\/index.php\/actualmente\/#breadcrumb\"},\"inLanguage\":\"es\",\"potentialAction\":[{\"@type\":\"ReadAction\",\"target\":[\"https:\/\/www.desideriodelgado.com\/index.php\/actualmente\/\"]}]},{\"@type\":\"BreadcrumbList\",\"@id\":\"https:\/\/www.desideriodelgado.com\/index.php\/actualmente\/#breadcrumb\",\"itemListElement\":[{\"@type\":\"ListItem\",\"position\":1,\"name\":\"Portada\",\"item\":\"https:\/\/www.desideriodelgado.com\/\"},{\"@type\":\"ListItem\",\"position\":2,\"name\":\"actualmente\"}]},{\"@type\":\"WebSite\",\"@id\":\"https:\/\/www.desideriodelgado.com\/#website\",\"url\":\"https:\/\/www.desideriodelgado.com\/\",\"name\":\"Desiderio Delgado\",\"description\":\"\",\"publisher\":{\"@id\":\"https:\/\/www.desideriodelgado.com\/#organization\"},\"potentialAction\":[{\"@type\":\"SearchAction\",\"target\":{\"@type\":\"EntryPoint\",\"urlTemplate\":\"https:\/\/www.desideriodelgado.com\/?s={search_term_string}\"},\"query-input\":\"required name=search_term_string\"}],\"inLanguage\":\"es\"},{\"@type\":\"Organization\",\"@id\":\"https:\/\/www.desideriodelgado.com\/#organization\",\"name\":\"Desiderio Delgado\",\"url\":\"https:\/\/www.desideriodelgado.com\/\",\"logo\":{\"@type\":\"ImageObject\",\"inLanguage\":\"es\",\"@id\":\"https:\/\/www.desideriodelgado.com\/#\/schema\/logo\/image\/\",\"url\":\"https:\/\/www.desideriodelgado.com\/wp-content\/uploads\/2017\/03\/cropped-DesiCabeceraM.png\",\"contentUrl\":\"https:\/\/www.desideriodelgado.com\/wp-content\/uploads\/2017\/03\/cropped-DesiCabeceraM.png\",\"width\":771,\"height\":250,\"caption\":\"Desiderio Delgado\"},\"image\":{\"@id\":\"https:\/\/www.desideriodelgado.com\/#\/schema\/logo\/image\/\"}}]}<\/script>\n<!-- \/ Yoast SEO plugin. -->","yoast_head_json":{"title":"actualmente - Desiderio Delgado","robots":{"index":"index","follow":"follow","max-snippet":"max-snippet:-1","max-image-preview":"max-image-preview:large","max-video-preview":"max-video-preview:-1"},"canonical":"https:\/\/www.desideriodelgado.com\/index.php\/actualmente\/","og_locale":"es_ES","og_type":"article","og_title":"actualmente - Desiderio Delgado","og_description":"Cat\u00e1logo de la exposici\u00f3n Galeria Haurie &#8211; Sevilla Exposici\u00f3n marzo y abril de 2022","og_url":"https:\/\/www.desideriodelgado.com\/index.php\/actualmente\/","og_site_name":"Desiderio Delgado","article_modified_time":"2022-03-07T16:39:35+00:00","og_image":[{"width":1280,"height":853,"url":"http:\/\/www.desideriodelgado.com\/wp-content\/uploads\/2017\/03\/foto01.jpg","type":"image\/jpeg"}],"twitter_card":"summary_large_image","schema":{"@context":"https:\/\/schema.org","@graph":[{"@type":"WebPage","@id":"https:\/\/www.desideriodelgado.com\/index.php\/actualmente\/","url":"https:\/\/www.desideriodelgado.com\/index.php\/actualmente\/","name":"actualmente - Desiderio Delgado","isPartOf":{"@id":"https:\/\/www.desideriodelgado.com\/#website"},"datePublished":"2017-03-10T12:35:52+00:00","dateModified":"2022-03-07T16:39:35+00:00","breadcrumb":{"@id":"https:\/\/www.desideriodelgado.com\/index.php\/actualmente\/#breadcrumb"},"inLanguage":"es","potentialAction":[{"@type":"ReadAction","target":["https:\/\/www.desideriodelgado.com\/index.php\/actualmente\/"]}]},{"@type":"BreadcrumbList","@id":"https:\/\/www.desideriodelgado.com\/index.php\/actualmente\/#breadcrumb","itemListElement":[{"@type":"ListItem","position":1,"name":"Portada","item":"https:\/\/www.desideriodelgado.com\/"},{"@type":"ListItem","position":2,"name":"actualmente"}]},{"@type":"WebSite","@id":"https:\/\/www.desideriodelgado.com\/#website","url":"https:\/\/www.desideriodelgado.com\/","name":"Desiderio Delgado","description":"","publisher":{"@id":"https:\/\/www.desideriodelgado.com\/#organization"},"potentialAction":[{"@type":"SearchAction","target":{"@type":"EntryPoint","urlTemplate":"https:\/\/www.desideriodelgado.com\/?s={search_term_string}"},"query-input":"required name=search_term_string"}],"inLanguage":"es"},{"@type":"Organization","@id":"https:\/\/www.desideriodelgado.com\/#organization","name":"Desiderio Delgado","url":"https:\/\/www.desideriodelgado.com\/","logo":{"@type":"ImageObject","inLanguage":"es","@id":"https:\/\/www.desideriodelgado.com\/#\/schema\/logo\/image\/","url":"https:\/\/www.desideriodelgado.com\/wp-content\/uploads\/2017\/03\/cropped-DesiCabeceraM.png","contentUrl":"https:\/\/www.desideriodelgado.com\/wp-content\/uploads\/2017\/03\/cropped-DesiCabeceraM.png","width":771,"height":250,"caption":"Desiderio Delgado"},"image":{"@id":"https:\/\/www.desideriodelgado.com\/#\/schema\/logo\/image\/"}}]}},"_links":{"self":[{"href":"https:\/\/www.desideriodelgado.com\/index.php\/wp-json\/wp\/v2\/pages\/284"}],"collection":[{"href":"https:\/\/www.desideriodelgado.com\/index.php\/wp-json\/wp\/v2\/pages"}],"about":[{"href":"https:\/\/www.desideriodelgado.com\/index.php\/wp-json\/wp\/v2\/types\/page"}],"author":[{"embeddable":true,"href":"https:\/\/www.desideriodelgado.com\/index.php\/wp-json\/wp\/v2\/users\/1"}],"replies":[{"embeddable":true,"href":"https:\/\/www.desideriodelgado.com\/index.php\/wp-json\/wp\/v2\/comments?post=284"}],"version-history":[{"count":25,"href":"https:\/\/www.desideriodelgado.com\/index.php\/wp-json\/wp\/v2\/pages\/284\/revisions"}],"predecessor-version":[{"id":725,"href":"https:\/\/www.desideriodelgado.com\/index.php\/wp-json\/wp\/v2\/pages\/284\/revisions\/725"}],"wp:featuredmedia":[{"embeddable":true,"href":"https:\/\/www.desideriodelgado.com\/index.php\/wp-json\/wp\/v2\/media\/183"}],"wp:attachment":[{"href":"https:\/\/www.desideriodelgado.com\/index.php\/wp-json\/wp\/v2\/media?parent=284"}],"curies":[{"name":"wp","href":"https:\/\/api.w.org\/{rel}","templated":true}]}}