{"id":31,"date":"2017-03-07T11:45:26","date_gmt":"2017-03-07T11:45:26","guid":{"rendered":"http:\/\/prueba.desideriodelgado.com\/?page_id=31"},"modified":"2017-03-21T10:14:58","modified_gmt":"2017-03-21T10:14:58","slug":"presentacion","status":"publish","type":"page","link":"https:\/\/www.desideriodelgado.com\/","title":{"rendered":"presentacion"},"content":{"rendered":"<p style=\"text-align: justify;\">Del Mirador a las fuentes, los pilones, el sugestivo paisaje de la Campi\u00f1a o bodegones que recrean ambientes dom\u00e9sticos y cercanos, han pasado casi treinta a\u00f1os.<br \/>\nEn esta larga trayectoria la evoluci\u00f3n de la pintura de Desiderio Delgado ha sido ascendente. Las composiciones y el color de sus lienzos han ido alcanzando una meta que ya se intu\u00eda como su objetivo desde los inicios de su trayectoria art\u00edstica.<br \/>\nPero evoco ahora no solo al pintor que conoc\u00ed all\u00e1 por 1986, sino al amigo junto al que he recorrido y compartido casi toda mi vida, nuestra vida en C\u00f3rdoba, ciudad a la que ambos llegamos j\u00f3venes y cargados de unas ilusiones que seguimos compartiendo.<\/p>\n<p style=\"text-align: right;\">Fuensanta Garc\u00eda de la Torre<\/p>\n<p>&nbsp;<br \/>\n<br \/>&nbsp;<br \/>&nbsp;<br \/>&nbsp;<\/p>\n","protected":false},"excerpt":{"rendered":"<p>Del Mirador a las fuentes, los pilones, el sugestivo paisaje de la Campi\u00f1a o bodegones que recrean ambientes dom\u00e9sticos y cercanos, han pasado casi treinta a\u00f1os. En esta larga trayectoria la evoluci\u00f3n de la pintura de Desiderio Delgado ha sido ascendente. Las composiciones y el color de sus lienzos han ido alcanzando una meta que &hellip; <\/p>\n<p class=\"link-more\"><a href=\"https:\/\/www.desideriodelgado.com\/\" class=\"more-link\">Continuar leyendo<span class=\"screen-reader-text\"> \u00abpresentacion\u00bb<\/span><\/a><\/p>\n","protected":false},"author":1,"featured_media":0,"parent":0,"menu_order":0,"comment_status":"closed","ping_status":"closed","template":"","meta":[],"yoast_head":"<!-- This site is optimized with the Yoast SEO plugin v20.11 - https:\/\/yoast.com\/wordpress\/plugins\/seo\/ -->\n<title>presentacion - Desiderio Delgado<\/title>\n<meta name=\"robots\" content=\"index, follow, max-snippet:-1, max-image-preview:large, max-video-preview:-1\" \/>\n<link rel=\"canonical\" href=\"https:\/\/www.desideriodelgado.com\/\" \/>\n<meta property=\"og:locale\" content=\"es_ES\" \/>\n<meta property=\"og:type\" content=\"article\" \/>\n<meta property=\"og:title\" content=\"presentacion - Desiderio Delgado\" \/>\n<meta property=\"og:description\" content=\"Del Mirador a las fuentes, los pilones, el sugestivo paisaje de la Campi\u00f1a o bodegones que recrean ambientes dom\u00e9sticos y cercanos, han pasado casi treinta a\u00f1os. En esta larga trayectoria la evoluci\u00f3n de la pintura de Desiderio Delgado ha sido ascendente. Las composiciones y el color de sus lienzos han ido alcanzando una meta que &hellip; Continuar leyendo &quot;presentacion&quot;\" \/>\n<meta property=\"og:url\" content=\"https:\/\/www.desideriodelgado.com\/\" \/>\n<meta property=\"og:site_name\" content=\"Desiderio Delgado\" \/>\n<meta property=\"article:modified_time\" content=\"2017-03-21T10:14:58+00:00\" \/>\n<meta name=\"twitter:card\" content=\"summary_large_image\" \/>\n<meta name=\"twitter:label1\" content=\"Tiempo de lectura\" \/>\n\t<meta name=\"twitter:data1\" content=\"1 minuto\" \/>\n<script type=\"application\/ld+json\" class=\"yoast-schema-graph\">{\"@context\":\"https:\/\/schema.org\",\"@graph\":[{\"@type\":\"WebPage\",\"@id\":\"https:\/\/www.desideriodelgado.com\/\",\"url\":\"https:\/\/www.desideriodelgado.com\/\",\"name\":\"presentacion - Desiderio Delgado\",\"isPartOf\":{\"@id\":\"https:\/\/www.desideriodelgado.com\/#website\"},\"datePublished\":\"2017-03-07T11:45:26+00:00\",\"dateModified\":\"2017-03-21T10:14:58+00:00\",\"breadcrumb\":{\"@id\":\"https:\/\/www.desideriodelgado.com\/#breadcrumb\"},\"inLanguage\":\"es\",\"potentialAction\":[{\"@type\":\"ReadAction\",\"target\":[\"https:\/\/www.desideriodelgado.com\/\"]}]},{\"@type\":\"BreadcrumbList\",\"@id\":\"https:\/\/www.desideriodelgado.com\/#breadcrumb\",\"itemListElement\":[{\"@type\":\"ListItem\",\"position\":1,\"name\":\"Portada\",\"item\":\"https:\/\/www.desideriodelgado.com\/\"},{\"@type\":\"ListItem\",\"position\":2,\"name\":\"presentacion\"}]},{\"@type\":\"WebSite\",\"@id\":\"https:\/\/www.desideriodelgado.com\/#website\",\"url\":\"https:\/\/www.desideriodelgado.com\/\",\"name\":\"Desiderio Delgado\",\"description\":\"\",\"publisher\":{\"@id\":\"https:\/\/www.desideriodelgado.com\/#organization\"},\"potentialAction\":[{\"@type\":\"SearchAction\",\"target\":{\"@type\":\"EntryPoint\",\"urlTemplate\":\"https:\/\/www.desideriodelgado.com\/?s={search_term_string}\"},\"query-input\":\"required name=search_term_string\"}],\"inLanguage\":\"es\"},{\"@type\":\"Organization\",\"@id\":\"https:\/\/www.desideriodelgado.com\/#organization\",\"name\":\"Desiderio Delgado\",\"url\":\"https:\/\/www.desideriodelgado.com\/\",\"logo\":{\"@type\":\"ImageObject\",\"inLanguage\":\"es\",\"@id\":\"https:\/\/www.desideriodelgado.com\/#\/schema\/logo\/image\/\",\"url\":\"https:\/\/www.desideriodelgado.com\/wp-content\/uploads\/2017\/03\/cropped-DesiCabeceraM.png\",\"contentUrl\":\"https:\/\/www.desideriodelgado.com\/wp-content\/uploads\/2017\/03\/cropped-DesiCabeceraM.png\",\"width\":771,\"height\":250,\"caption\":\"Desiderio Delgado\"},\"image\":{\"@id\":\"https:\/\/www.desideriodelgado.com\/#\/schema\/logo\/image\/\"}}]}<\/script>\n<!-- \/ Yoast SEO plugin. -->","yoast_head_json":{"title":"presentacion - Desiderio Delgado","robots":{"index":"index","follow":"follow","max-snippet":"max-snippet:-1","max-image-preview":"max-image-preview:large","max-video-preview":"max-video-preview:-1"},"canonical":"https:\/\/www.desideriodelgado.com\/","og_locale":"es_ES","og_type":"article","og_title":"presentacion - Desiderio Delgado","og_description":"Del Mirador a las fuentes, los pilones, el sugestivo paisaje de la Campi\u00f1a o bodegones que recrean ambientes dom\u00e9sticos y cercanos, han pasado casi treinta a\u00f1os. En esta larga trayectoria la evoluci\u00f3n de la pintura de Desiderio Delgado ha sido ascendente. Las composiciones y el color de sus lienzos han ido alcanzando una meta que &hellip; Continuar leyendo \"presentacion\"","og_url":"https:\/\/www.desideriodelgado.com\/","og_site_name":"Desiderio Delgado","article_modified_time":"2017-03-21T10:14:58+00:00","twitter_card":"summary_large_image","twitter_misc":{"Tiempo de lectura":"1 minuto"},"schema":{"@context":"https:\/\/schema.org","@graph":[{"@type":"WebPage","@id":"https:\/\/www.desideriodelgado.com\/","url":"https:\/\/www.desideriodelgado.com\/","name":"presentacion - Desiderio Delgado","isPartOf":{"@id":"https:\/\/www.desideriodelgado.com\/#website"},"datePublished":"2017-03-07T11:45:26+00:00","dateModified":"2017-03-21T10:14:58+00:00","breadcrumb":{"@id":"https:\/\/www.desideriodelgado.com\/#breadcrumb"},"inLanguage":"es","potentialAction":[{"@type":"ReadAction","target":["https:\/\/www.desideriodelgado.com\/"]}]},{"@type":"BreadcrumbList","@id":"https:\/\/www.desideriodelgado.com\/#breadcrumb","itemListElement":[{"@type":"ListItem","position":1,"name":"Portada","item":"https:\/\/www.desideriodelgado.com\/"},{"@type":"ListItem","position":2,"name":"presentacion"}]},{"@type":"WebSite","@id":"https:\/\/www.desideriodelgado.com\/#website","url":"https:\/\/www.desideriodelgado.com\/","name":"Desiderio Delgado","description":"","publisher":{"@id":"https:\/\/www.desideriodelgado.com\/#organization"},"potentialAction":[{"@type":"SearchAction","target":{"@type":"EntryPoint","urlTemplate":"https:\/\/www.desideriodelgado.com\/?s={search_term_string}"},"query-input":"required name=search_term_string"}],"inLanguage":"es"},{"@type":"Organization","@id":"https:\/\/www.desideriodelgado.com\/#organization","name":"Desiderio Delgado","url":"https:\/\/www.desideriodelgado.com\/","logo":{"@type":"ImageObject","inLanguage":"es","@id":"https:\/\/www.desideriodelgado.com\/#\/schema\/logo\/image\/","url":"https:\/\/www.desideriodelgado.com\/wp-content\/uploads\/2017\/03\/cropped-DesiCabeceraM.png","contentUrl":"https:\/\/www.desideriodelgado.com\/wp-content\/uploads\/2017\/03\/cropped-DesiCabeceraM.png","width":771,"height":250,"caption":"Desiderio Delgado"},"image":{"@id":"https:\/\/www.desideriodelgado.com\/#\/schema\/logo\/image\/"}}]}},"_links":{"self":[{"href":"https:\/\/www.desideriodelgado.com\/index.php\/wp-json\/wp\/v2\/pages\/31"}],"collection":[{"href":"https:\/\/www.desideriodelgado.com\/index.php\/wp-json\/wp\/v2\/pages"}],"about":[{"href":"https:\/\/www.desideriodelgado.com\/index.php\/wp-json\/wp\/v2\/types\/page"}],"author":[{"embeddable":true,"href":"https:\/\/www.desideriodelgado.com\/index.php\/wp-json\/wp\/v2\/users\/1"}],"replies":[{"embeddable":true,"href":"https:\/\/www.desideriodelgado.com\/index.php\/wp-json\/wp\/v2\/comments?post=31"}],"version-history":[{"count":7,"href":"https:\/\/www.desideriodelgado.com\/index.php\/wp-json\/wp\/v2\/pages\/31\/revisions"}],"predecessor-version":[{"id":328,"href":"https:\/\/www.desideriodelgado.com\/index.php\/wp-json\/wp\/v2\/pages\/31\/revisions\/328"}],"wp:attachment":[{"href":"https:\/\/www.desideriodelgado.com\/index.php\/wp-json\/wp\/v2\/media?parent=31"}],"curies":[{"name":"wp","href":"https:\/\/api.w.org\/{rel}","templated":true}]}}