{"id":585,"date":"2018-08-21T06:55:14","date_gmt":"2018-08-21T06:55:14","guid":{"rendered":"http:\/\/www.desideriodelgado.com\/?page_id=585"},"modified":"2023-07-18T11:40:41","modified_gmt":"2023-07-18T11:40:41","slug":"individual-exhibitions","status":"publish","type":"page","link":"https:\/\/www.desideriodelgado.com\/index.php\/en\/individual-exhibitions\/","title":{"rendered":"solo exhibitions"},"content":{"rendered":"<p><strong>1986 <\/strong>\u00a0 Studio 52 Art Gallery. C\u00f3rdoba.<\/p>\n<p><strong>1987 <\/strong>\u00a0\u00a0Monte de Piedad y Caja de Ahorros de C\u00f3rdoba,<br \/>\nen Marbella (M\u00e1laga) y Algeciras (C\u00e1diz).<\/p>\n<p><strong>1988 <\/strong>\u00a0\u00a0Caja Provincial de Ahorros de C\u00f3rdoba.<\/p>\n<p><strong>1990 <\/strong>\u00a0 Ocre Art Gallery. C\u00f3rdoba.<\/p>\n<p><strong>1992 <\/strong>\u00a0 Cajasur Exhibitions Hall. Ja\u00e9n.<\/p>\n<p><strong>1993 <\/strong>\u00a0 Haurie Art Gallery. Sevilla.<\/p>\n<p><strong>1994 <\/strong>\u00a0 Zenhid Art Gallery. Madrid.<\/p>\n<p>Cajasur Exhibitions Hall. C\u00f3rdoba.<\/p>\n<p><strong>1996 <\/strong>\u00a0 Haurie Art Gallery. Sevilla.<\/p>\n<p>Jos\u00e9 Pedraza Art Gallery. Montilla (C\u00f3rdoba)<\/p>\n<p><strong>1997 <\/strong>\u00a0 Espi Art Gallery. Torrelavega (Cantabria)<\/p>\n<p><strong>1998 <\/strong>\u00a0 Cajasur Exhibitions Hall, Gran Capit\u00e1n (C\u00f3rdoba)<\/p>\n<p><strong>1999 <\/strong>\u00a0 Jos\u00e9 Pedraza Art Gallery. Montilla (C\u00f3rdoba)<\/p>\n<p><strong>2000 <\/strong>\u00a0 Haurie Art Gallery. Sevilla.<\/p>\n<p><strong>2002 <\/strong>\u00a0 Water landscapes. Carmen del Campo Art Gallery, Diputaci\u00f3n de C\u00f3rdoba.<\/p>\n<p><strong>2005 <\/strong>\u00a0 Kreisler Art Gallery. Madrid.<\/p>\n<p>Haurie Art Gallery. Sevilla.<\/p>\n<p><strong>2006 <\/strong>\u00a0 The Liquid Filter. Carmen del Campo Art Gallery. C\u00f3rdoba.<\/p>\n<p><strong>2007 <\/strong>\u00a0 Jos\u00e9 Pedraza Art Gallery. Montilla (C\u00f3rdoba)<\/p>\n<p><strong>2008 <\/strong>\u00a0 Haurie Art Gallery. Sevilla.<\/p>\n<p><strong>2011 <\/strong>\u00a0 Carmen del Campo Art Gallery. C\u00f3rdoba<\/p>\n<p><strong>2013 <\/strong>\u00a0 Haurie Art Gallery. Sevilla.<\/p>\n<p><strong>2015 <\/strong>\u00a0 Carmen del Campo Art Gallery. C\u00f3rdoba<\/p>\n<p><strong>2017 <\/strong>\u00a0 Ansorena Art Gallery. Madrid<\/p>\n<p><strong>2018<\/strong> \u00a0 Espace Nicolas Schilling et Galerie. <span class=\"LrzXr\">Neuch\u00e2tel<\/span><span class=\"LrzXr\">, Suiza<\/span><\/p>\n<p><strong>2021<\/strong>\u00a0 Ansorena Art Gallery. Madrid. Online Exhibition.<\/p>\n<p><strong>2022<\/strong>\u00a0 Where the water rests. Haurie Art Gallery. Sevilla<\/p>\n","protected":false},"excerpt":{"rendered":"<p>1986 \u00a0 Studio 52 Art Gallery. C\u00f3rdoba. 1987 \u00a0\u00a0Monte de Piedad y Caja de Ahorros de C\u00f3rdoba, en Marbella (M\u00e1laga) y Algeciras (C\u00e1diz). 1988 \u00a0\u00a0Caja Provincial de Ahorros de C\u00f3rdoba. 1990 \u00a0 Ocre Art Gallery. C\u00f3rdoba. 1992 \u00a0 Cajasur Exhibitions Hall. Ja\u00e9n. 1993 \u00a0 Haurie Art Gallery. Sevilla. 1994 \u00a0 Zenhid Art Gallery. Madrid. Cajasur &hellip; <\/p>\n<p class=\"link-more\"><a href=\"https:\/\/www.desideriodelgado.com\/index.php\/en\/individual-exhibitions\/\" class=\"more-link\">Continuar leyendo<span class=\"screen-reader-text\"> \u00absolo exhibitions\u00bb<\/span><\/a><\/p>\n","protected":false},"author":1,"featured_media":0,"parent":0,"menu_order":0,"comment_status":"closed","ping_status":"closed","template":"","meta":[],"yoast_head":"<!-- This site is optimized with the Yoast SEO plugin v20.11 - https:\/\/yoast.com\/wordpress\/plugins\/seo\/ -->\n<title>solo exhibitions - Desiderio Delgado<\/title>\n<meta name=\"robots\" content=\"index, follow, max-snippet:-1, max-image-preview:large, max-video-preview:-1\" \/>\n<link rel=\"canonical\" href=\"https:\/\/www.desideriodelgado.com\/index.php\/en\/individual-exhibitions\/\" \/>\n<meta property=\"og:locale\" content=\"es_ES\" \/>\n<meta property=\"og:type\" content=\"article\" \/>\n<meta property=\"og:title\" content=\"solo exhibitions - Desiderio Delgado\" \/>\n<meta property=\"og:description\" content=\"1986 \u00a0 Studio 52 Art Gallery. C\u00f3rdoba. 1987 \u00a0\u00a0Monte de Piedad y Caja de Ahorros de C\u00f3rdoba, en Marbella (M\u00e1laga) y Algeciras (C\u00e1diz). 1988 \u00a0\u00a0Caja Provincial de Ahorros de C\u00f3rdoba. 1990 \u00a0 Ocre Art Gallery. C\u00f3rdoba. 1992 \u00a0 Cajasur Exhibitions Hall. Ja\u00e9n. 1993 \u00a0 Haurie Art Gallery. Sevilla. 1994 \u00a0 Zenhid Art Gallery. Madrid. Cajasur &hellip; Continuar leyendo &quot;solo exhibitions&quot;\" \/>\n<meta property=\"og:url\" content=\"https:\/\/www.desideriodelgado.com\/index.php\/en\/individual-exhibitions\/\" \/>\n<meta property=\"og:site_name\" content=\"Desiderio Delgado\" \/>\n<meta property=\"article:modified_time\" content=\"2023-07-18T11:40:41+00:00\" \/>\n<meta name=\"twitter:card\" content=\"summary_large_image\" \/>\n<meta name=\"twitter:label1\" content=\"Tiempo de lectura\" \/>\n\t<meta name=\"twitter:data1\" content=\"1 minuto\" \/>\n<script type=\"application\/ld+json\" class=\"yoast-schema-graph\">{\"@context\":\"https:\/\/schema.org\",\"@graph\":[{\"@type\":\"WebPage\",\"@id\":\"https:\/\/www.desideriodelgado.com\/index.php\/en\/individual-exhibitions\/\",\"url\":\"https:\/\/www.desideriodelgado.com\/index.php\/en\/individual-exhibitions\/\",\"name\":\"solo exhibitions - Desiderio Delgado\",\"isPartOf\":{\"@id\":\"https:\/\/www.desideriodelgado.com\/#website\"},\"datePublished\":\"2018-08-21T06:55:14+00:00\",\"dateModified\":\"2023-07-18T11:40:41+00:00\",\"breadcrumb\":{\"@id\":\"https:\/\/www.desideriodelgado.com\/index.php\/en\/individual-exhibitions\/#breadcrumb\"},\"inLanguage\":\"es\",\"potentialAction\":[{\"@type\":\"ReadAction\",\"target\":[\"https:\/\/www.desideriodelgado.com\/index.php\/en\/individual-exhibitions\/\"]}]},{\"@type\":\"BreadcrumbList\",\"@id\":\"https:\/\/www.desideriodelgado.com\/index.php\/en\/individual-exhibitions\/#breadcrumb\",\"itemListElement\":[{\"@type\":\"ListItem\",\"position\":1,\"name\":\"Portada\",\"item\":\"https:\/\/www.desideriodelgado.com\/\"},{\"@type\":\"ListItem\",\"position\":2,\"name\":\"solo exhibitions\"}]},{\"@type\":\"WebSite\",\"@id\":\"https:\/\/www.desideriodelgado.com\/#website\",\"url\":\"https:\/\/www.desideriodelgado.com\/\",\"name\":\"Desiderio Delgado\",\"description\":\"\",\"publisher\":{\"@id\":\"https:\/\/www.desideriodelgado.com\/#organization\"},\"potentialAction\":[{\"@type\":\"SearchAction\",\"target\":{\"@type\":\"EntryPoint\",\"urlTemplate\":\"https:\/\/www.desideriodelgado.com\/?s={search_term_string}\"},\"query-input\":\"required name=search_term_string\"}],\"inLanguage\":\"es\"},{\"@type\":\"Organization\",\"@id\":\"https:\/\/www.desideriodelgado.com\/#organization\",\"name\":\"Desiderio Delgado\",\"url\":\"https:\/\/www.desideriodelgado.com\/\",\"logo\":{\"@type\":\"ImageObject\",\"inLanguage\":\"es\",\"@id\":\"https:\/\/www.desideriodelgado.com\/#\/schema\/logo\/image\/\",\"url\":\"https:\/\/www.desideriodelgado.com\/wp-content\/uploads\/2017\/03\/cropped-DesiCabeceraM.png\",\"contentUrl\":\"https:\/\/www.desideriodelgado.com\/wp-content\/uploads\/2017\/03\/cropped-DesiCabeceraM.png\",\"width\":771,\"height\":250,\"caption\":\"Desiderio Delgado\"},\"image\":{\"@id\":\"https:\/\/www.desideriodelgado.com\/#\/schema\/logo\/image\/\"}}]}<\/script>\n<!-- \/ Yoast SEO plugin. -->","yoast_head_json":{"title":"solo exhibitions - Desiderio Delgado","robots":{"index":"index","follow":"follow","max-snippet":"max-snippet:-1","max-image-preview":"max-image-preview:large","max-video-preview":"max-video-preview:-1"},"canonical":"https:\/\/www.desideriodelgado.com\/index.php\/en\/individual-exhibitions\/","og_locale":"es_ES","og_type":"article","og_title":"solo exhibitions - Desiderio Delgado","og_description":"1986 \u00a0 Studio 52 Art Gallery. C\u00f3rdoba. 1987 \u00a0\u00a0Monte de Piedad y Caja de Ahorros de C\u00f3rdoba, en Marbella (M\u00e1laga) y Algeciras (C\u00e1diz). 1988 \u00a0\u00a0Caja Provincial de Ahorros de C\u00f3rdoba. 1990 \u00a0 Ocre Art Gallery. C\u00f3rdoba. 1992 \u00a0 Cajasur Exhibitions Hall. Ja\u00e9n. 1993 \u00a0 Haurie Art Gallery. Sevilla. 1994 \u00a0 Zenhid Art Gallery. Madrid. Cajasur &hellip; Continuar leyendo \"solo exhibitions\"","og_url":"https:\/\/www.desideriodelgado.com\/index.php\/en\/individual-exhibitions\/","og_site_name":"Desiderio Delgado","article_modified_time":"2023-07-18T11:40:41+00:00","twitter_card":"summary_large_image","twitter_misc":{"Tiempo de lectura":"1 minuto"},"schema":{"@context":"https:\/\/schema.org","@graph":[{"@type":"WebPage","@id":"https:\/\/www.desideriodelgado.com\/index.php\/en\/individual-exhibitions\/","url":"https:\/\/www.desideriodelgado.com\/index.php\/en\/individual-exhibitions\/","name":"solo exhibitions - Desiderio Delgado","isPartOf":{"@id":"https:\/\/www.desideriodelgado.com\/#website"},"datePublished":"2018-08-21T06:55:14+00:00","dateModified":"2023-07-18T11:40:41+00:00","breadcrumb":{"@id":"https:\/\/www.desideriodelgado.com\/index.php\/en\/individual-exhibitions\/#breadcrumb"},"inLanguage":"es","potentialAction":[{"@type":"ReadAction","target":["https:\/\/www.desideriodelgado.com\/index.php\/en\/individual-exhibitions\/"]}]},{"@type":"BreadcrumbList","@id":"https:\/\/www.desideriodelgado.com\/index.php\/en\/individual-exhibitions\/#breadcrumb","itemListElement":[{"@type":"ListItem","position":1,"name":"Portada","item":"https:\/\/www.desideriodelgado.com\/"},{"@type":"ListItem","position":2,"name":"solo exhibitions"}]},{"@type":"WebSite","@id":"https:\/\/www.desideriodelgado.com\/#website","url":"https:\/\/www.desideriodelgado.com\/","name":"Desiderio Delgado","description":"","publisher":{"@id":"https:\/\/www.desideriodelgado.com\/#organization"},"potentialAction":[{"@type":"SearchAction","target":{"@type":"EntryPoint","urlTemplate":"https:\/\/www.desideriodelgado.com\/?s={search_term_string}"},"query-input":"required name=search_term_string"}],"inLanguage":"es"},{"@type":"Organization","@id":"https:\/\/www.desideriodelgado.com\/#organization","name":"Desiderio Delgado","url":"https:\/\/www.desideriodelgado.com\/","logo":{"@type":"ImageObject","inLanguage":"es","@id":"https:\/\/www.desideriodelgado.com\/#\/schema\/logo\/image\/","url":"https:\/\/www.desideriodelgado.com\/wp-content\/uploads\/2017\/03\/cropped-DesiCabeceraM.png","contentUrl":"https:\/\/www.desideriodelgado.com\/wp-content\/uploads\/2017\/03\/cropped-DesiCabeceraM.png","width":771,"height":250,"caption":"Desiderio Delgado"},"image":{"@id":"https:\/\/www.desideriodelgado.com\/#\/schema\/logo\/image\/"}}]}},"_links":{"self":[{"href":"https:\/\/www.desideriodelgado.com\/index.php\/wp-json\/wp\/v2\/pages\/585"}],"collection":[{"href":"https:\/\/www.desideriodelgado.com\/index.php\/wp-json\/wp\/v2\/pages"}],"about":[{"href":"https:\/\/www.desideriodelgado.com\/index.php\/wp-json\/wp\/v2\/types\/page"}],"author":[{"embeddable":true,"href":"https:\/\/www.desideriodelgado.com\/index.php\/wp-json\/wp\/v2\/users\/1"}],"replies":[{"embeddable":true,"href":"https:\/\/www.desideriodelgado.com\/index.php\/wp-json\/wp\/v2\/comments?post=585"}],"version-history":[{"count":5,"href":"https:\/\/www.desideriodelgado.com\/index.php\/wp-json\/wp\/v2\/pages\/585\/revisions"}],"predecessor-version":[{"id":736,"href":"https:\/\/www.desideriodelgado.com\/index.php\/wp-json\/wp\/v2\/pages\/585\/revisions\/736"}],"wp:attachment":[{"href":"https:\/\/www.desideriodelgado.com\/index.php\/wp-json\/wp\/v2\/media?parent=585"}],"curies":[{"name":"wp","href":"https:\/\/api.w.org\/{rel}","templated":true}]}}