{"id":590,"date":"2018-08-21T07:15:30","date_gmt":"2018-08-21T07:15:30","guid":{"rendered":"http:\/\/www.desideriodelgado.com\/?page_id=590"},"modified":"2018-08-21T11:01:50","modified_gmt":"2018-08-21T11:01:50","slug":"honourable-mentions-and-awards","status":"publish","type":"page","link":"https:\/\/www.desideriodelgado.com\/index.php\/en\/honourable-mentions-and-awards\/","title":{"rendered":"honourable mentions and awards"},"content":{"rendered":"<p><strong>1990 <\/strong>Honourable Mention. Diego de Monroy Prize. Baena (C\u00f3rdoba).<\/p>\n<p><strong>1991 <\/strong>Honourable Mention. Diego de Monroy Prize. Baena (C\u00f3rdoba)<\/p>\n<p><strong>1992 <\/strong>La Caja Painting Prize Finalist . C\u00f3rdoba.<\/p>\n<p><strong>1995 <\/strong>First Award. Caja Rural Painting Prize. Sevilla.<\/p>\n<p>Honourable Mention. Puerto Ban\u00fas II Painting Contest. Marbella (M\u00e1laga).<\/p>\n<p>First Award. Villa de Arjonilla Painting Prize. Ja\u00e9n.<\/p>\n<p><strong>1997 <\/strong>First Award. Ateneo Painting Prize. Fundaci\u00f3n Ram\u00f3n Areces. Sevilla.<\/p>\n<p>First Award. Ciudad de Montilla Painting Prize. C\u00f3rdoba.<\/p>\n<p><strong>1998 <\/strong>Selected XII BMW Prize for Painting selected. Madrid.<\/p>\n<p>First Award. Antonio L\u00f3pez Painting Prize. Tomelloso (Ciudad Real).<\/p>\n","protected":false},"excerpt":{"rendered":"<p>1990 Honourable Mention. Diego de Monroy Prize. Baena (C\u00f3rdoba). 1991 Honourable Mention. Diego de Monroy Prize. Baena (C\u00f3rdoba) 1992 La Caja Painting Prize Finalist . C\u00f3rdoba. 1995 First Award. Caja Rural Painting Prize. Sevilla. Honourable Mention. Puerto Ban\u00fas II Painting Contest. Marbella (M\u00e1laga). First Award. Villa de Arjonilla Painting Prize. Ja\u00e9n. 1997 First Award. Ateneo &hellip; <\/p>\n<p class=\"link-more\"><a href=\"https:\/\/www.desideriodelgado.com\/index.php\/en\/honourable-mentions-and-awards\/\" class=\"more-link\">Continuar leyendo<span class=\"screen-reader-text\"> \u00abhonourable mentions and awards\u00bb<\/span><\/a><\/p>\n","protected":false},"author":1,"featured_media":0,"parent":0,"menu_order":0,"comment_status":"closed","ping_status":"closed","template":"","meta":[],"yoast_head":"<!-- This site is optimized with the Yoast SEO plugin v20.11 - https:\/\/yoast.com\/wordpress\/plugins\/seo\/ -->\n<title>honourable mentions and awards - Desiderio Delgado<\/title>\n<meta name=\"robots\" content=\"index, follow, max-snippet:-1, max-image-preview:large, max-video-preview:-1\" \/>\n<link rel=\"canonical\" href=\"https:\/\/www.desideriodelgado.com\/index.php\/en\/honourable-mentions-and-awards\/\" \/>\n<meta property=\"og:locale\" content=\"es_ES\" \/>\n<meta property=\"og:type\" content=\"article\" \/>\n<meta property=\"og:title\" content=\"honourable mentions and awards - Desiderio Delgado\" \/>\n<meta property=\"og:description\" content=\"1990 Honourable Mention. Diego de Monroy Prize. Baena (C\u00f3rdoba). 1991 Honourable Mention. Diego de Monroy Prize. Baena (C\u00f3rdoba) 1992 La Caja Painting Prize Finalist . C\u00f3rdoba. 1995 First Award. Caja Rural Painting Prize. Sevilla. Honourable Mention. Puerto Ban\u00fas II Painting Contest. Marbella (M\u00e1laga). First Award. Villa de Arjonilla Painting Prize. Ja\u00e9n. 1997 First Award. Ateneo &hellip; Continuar leyendo &quot;honourable mentions and awards&quot;\" \/>\n<meta property=\"og:url\" content=\"https:\/\/www.desideriodelgado.com\/index.php\/en\/honourable-mentions-and-awards\/\" \/>\n<meta property=\"og:site_name\" content=\"Desiderio Delgado\" \/>\n<meta property=\"article:modified_time\" content=\"2018-08-21T11:01:50+00:00\" \/>\n<meta name=\"twitter:card\" content=\"summary_large_image\" \/>\n<script type=\"application\/ld+json\" class=\"yoast-schema-graph\">{\"@context\":\"https:\/\/schema.org\",\"@graph\":[{\"@type\":\"WebPage\",\"@id\":\"https:\/\/www.desideriodelgado.com\/index.php\/en\/honourable-mentions-and-awards\/\",\"url\":\"https:\/\/www.desideriodelgado.com\/index.php\/en\/honourable-mentions-and-awards\/\",\"name\":\"honourable mentions and awards - Desiderio Delgado\",\"isPartOf\":{\"@id\":\"https:\/\/www.desideriodelgado.com\/#website\"},\"datePublished\":\"2018-08-21T07:15:30+00:00\",\"dateModified\":\"2018-08-21T11:01:50+00:00\",\"breadcrumb\":{\"@id\":\"https:\/\/www.desideriodelgado.com\/index.php\/en\/honourable-mentions-and-awards\/#breadcrumb\"},\"inLanguage\":\"es\",\"potentialAction\":[{\"@type\":\"ReadAction\",\"target\":[\"https:\/\/www.desideriodelgado.com\/index.php\/en\/honourable-mentions-and-awards\/\"]}]},{\"@type\":\"BreadcrumbList\",\"@id\":\"https:\/\/www.desideriodelgado.com\/index.php\/en\/honourable-mentions-and-awards\/#breadcrumb\",\"itemListElement\":[{\"@type\":\"ListItem\",\"position\":1,\"name\":\"Portada\",\"item\":\"https:\/\/www.desideriodelgado.com\/\"},{\"@type\":\"ListItem\",\"position\":2,\"name\":\"honourable mentions and awards\"}]},{\"@type\":\"WebSite\",\"@id\":\"https:\/\/www.desideriodelgado.com\/#website\",\"url\":\"https:\/\/www.desideriodelgado.com\/\",\"name\":\"Desiderio Delgado\",\"description\":\"\",\"publisher\":{\"@id\":\"https:\/\/www.desideriodelgado.com\/#organization\"},\"potentialAction\":[{\"@type\":\"SearchAction\",\"target\":{\"@type\":\"EntryPoint\",\"urlTemplate\":\"https:\/\/www.desideriodelgado.com\/?s={search_term_string}\"},\"query-input\":\"required name=search_term_string\"}],\"inLanguage\":\"es\"},{\"@type\":\"Organization\",\"@id\":\"https:\/\/www.desideriodelgado.com\/#organization\",\"name\":\"Desiderio Delgado\",\"url\":\"https:\/\/www.desideriodelgado.com\/\",\"logo\":{\"@type\":\"ImageObject\",\"inLanguage\":\"es\",\"@id\":\"https:\/\/www.desideriodelgado.com\/#\/schema\/logo\/image\/\",\"url\":\"https:\/\/www.desideriodelgado.com\/wp-content\/uploads\/2017\/03\/cropped-DesiCabeceraM.png\",\"contentUrl\":\"https:\/\/www.desideriodelgado.com\/wp-content\/uploads\/2017\/03\/cropped-DesiCabeceraM.png\",\"width\":771,\"height\":250,\"caption\":\"Desiderio Delgado\"},\"image\":{\"@id\":\"https:\/\/www.desideriodelgado.com\/#\/schema\/logo\/image\/\"}}]}<\/script>\n<!-- \/ Yoast SEO plugin. -->","yoast_head_json":{"title":"honourable mentions and awards - Desiderio Delgado","robots":{"index":"index","follow":"follow","max-snippet":"max-snippet:-1","max-image-preview":"max-image-preview:large","max-video-preview":"max-video-preview:-1"},"canonical":"https:\/\/www.desideriodelgado.com\/index.php\/en\/honourable-mentions-and-awards\/","og_locale":"es_ES","og_type":"article","og_title":"honourable mentions and awards - Desiderio Delgado","og_description":"1990 Honourable Mention. Diego de Monroy Prize. Baena (C\u00f3rdoba). 1991 Honourable Mention. Diego de Monroy Prize. Baena (C\u00f3rdoba) 1992 La Caja Painting Prize Finalist . C\u00f3rdoba. 1995 First Award. Caja Rural Painting Prize. Sevilla. Honourable Mention. Puerto Ban\u00fas II Painting Contest. Marbella (M\u00e1laga). First Award. Villa de Arjonilla Painting Prize. Ja\u00e9n. 1997 First Award. Ateneo &hellip; Continuar leyendo \"honourable mentions and awards\"","og_url":"https:\/\/www.desideriodelgado.com\/index.php\/en\/honourable-mentions-and-awards\/","og_site_name":"Desiderio Delgado","article_modified_time":"2018-08-21T11:01:50+00:00","twitter_card":"summary_large_image","schema":{"@context":"https:\/\/schema.org","@graph":[{"@type":"WebPage","@id":"https:\/\/www.desideriodelgado.com\/index.php\/en\/honourable-mentions-and-awards\/","url":"https:\/\/www.desideriodelgado.com\/index.php\/en\/honourable-mentions-and-awards\/","name":"honourable mentions and awards - Desiderio Delgado","isPartOf":{"@id":"https:\/\/www.desideriodelgado.com\/#website"},"datePublished":"2018-08-21T07:15:30+00:00","dateModified":"2018-08-21T11:01:50+00:00","breadcrumb":{"@id":"https:\/\/www.desideriodelgado.com\/index.php\/en\/honourable-mentions-and-awards\/#breadcrumb"},"inLanguage":"es","potentialAction":[{"@type":"ReadAction","target":["https:\/\/www.desideriodelgado.com\/index.php\/en\/honourable-mentions-and-awards\/"]}]},{"@type":"BreadcrumbList","@id":"https:\/\/www.desideriodelgado.com\/index.php\/en\/honourable-mentions-and-awards\/#breadcrumb","itemListElement":[{"@type":"ListItem","position":1,"name":"Portada","item":"https:\/\/www.desideriodelgado.com\/"},{"@type":"ListItem","position":2,"name":"honourable mentions and awards"}]},{"@type":"WebSite","@id":"https:\/\/www.desideriodelgado.com\/#website","url":"https:\/\/www.desideriodelgado.com\/","name":"Desiderio Delgado","description":"","publisher":{"@id":"https:\/\/www.desideriodelgado.com\/#organization"},"potentialAction":[{"@type":"SearchAction","target":{"@type":"EntryPoint","urlTemplate":"https:\/\/www.desideriodelgado.com\/?s={search_term_string}"},"query-input":"required name=search_term_string"}],"inLanguage":"es"},{"@type":"Organization","@id":"https:\/\/www.desideriodelgado.com\/#organization","name":"Desiderio Delgado","url":"https:\/\/www.desideriodelgado.com\/","logo":{"@type":"ImageObject","inLanguage":"es","@id":"https:\/\/www.desideriodelgado.com\/#\/schema\/logo\/image\/","url":"https:\/\/www.desideriodelgado.com\/wp-content\/uploads\/2017\/03\/cropped-DesiCabeceraM.png","contentUrl":"https:\/\/www.desideriodelgado.com\/wp-content\/uploads\/2017\/03\/cropped-DesiCabeceraM.png","width":771,"height":250,"caption":"Desiderio Delgado"},"image":{"@id":"https:\/\/www.desideriodelgado.com\/#\/schema\/logo\/image\/"}}]}},"_links":{"self":[{"href":"https:\/\/www.desideriodelgado.com\/index.php\/wp-json\/wp\/v2\/pages\/590"}],"collection":[{"href":"https:\/\/www.desideriodelgado.com\/index.php\/wp-json\/wp\/v2\/pages"}],"about":[{"href":"https:\/\/www.desideriodelgado.com\/index.php\/wp-json\/wp\/v2\/types\/page"}],"author":[{"embeddable":true,"href":"https:\/\/www.desideriodelgado.com\/index.php\/wp-json\/wp\/v2\/users\/1"}],"replies":[{"embeddable":true,"href":"https:\/\/www.desideriodelgado.com\/index.php\/wp-json\/wp\/v2\/comments?post=590"}],"version-history":[{"count":5,"href":"https:\/\/www.desideriodelgado.com\/index.php\/wp-json\/wp\/v2\/pages\/590\/revisions"}],"predecessor-version":[{"id":665,"href":"https:\/\/www.desideriodelgado.com\/index.php\/wp-json\/wp\/v2\/pages\/590\/revisions\/665"}],"wp:attachment":[{"href":"https:\/\/www.desideriodelgado.com\/index.php\/wp-json\/wp\/v2\/media?parent=590"}],"curies":[{"name":"wp","href":"https:\/\/api.w.org\/{rel}","templated":true}]}}