{"id":591,"date":"2018-08-21T07:20:34","date_gmt":"2018-08-21T07:20:34","guid":{"rendered":"http:\/\/www.desideriodelgado.com\/?page_id=591"},"modified":"2018-08-21T07:20:34","modified_gmt":"2018-08-21T07:20:34","slug":"museums-and-institutions","status":"publish","type":"page","link":"https:\/\/www.desideriodelgado.com\/index.php\/en\/museums-and-institutions\/","title":{"rendered":"museums and institutions"},"content":{"rendered":"<p>Fine Arts Museum of C\u00f3rdoba. C\u00f3rdoba.<\/p>\n<p>Cajasur. C\u00f3rdoba.<\/p>\n<p>Caja Rural. Sevilla.<\/p>\n<p>Contemporary Arts Museum. Tomelloso (Ciudad Real)<\/p>\n<p>Montilla Town Hall (C\u00f3rdoba)<\/p>\n<p>Arjonilla\u00a0Town Hall (Ja\u00e9n)<\/p>\n<p>Ministry of Labour and Social Affairs. Madrid. (Retrato de D. Manuel Pimentel)<\/p>\n<p>Rafael Bot\u00ed Provincial Plastic Arts Foundation. Diputaci\u00f3n de C\u00f3rdoba<\/p>\n","protected":false},"excerpt":{"rendered":"<p>Fine Arts Museum of C\u00f3rdoba. C\u00f3rdoba. Cajasur. C\u00f3rdoba. Caja Rural. Sevilla. Contemporary Arts Museum. Tomelloso (Ciudad Real) Montilla Town Hall (C\u00f3rdoba) Arjonilla\u00a0Town Hall (Ja\u00e9n) Ministry of Labour and Social Affairs. Madrid. (Retrato de D. Manuel Pimentel) Rafael Bot\u00ed Provincial Plastic Arts Foundation. Diputaci\u00f3n de C\u00f3rdoba<\/p>\n","protected":false},"author":1,"featured_media":0,"parent":0,"menu_order":0,"comment_status":"closed","ping_status":"closed","template":"","meta":[],"yoast_head":"<!-- This site is optimized with the Yoast SEO plugin v20.11 - https:\/\/yoast.com\/wordpress\/plugins\/seo\/ -->\n<title>museums and institutions - Desiderio Delgado<\/title>\n<meta name=\"robots\" content=\"index, follow, max-snippet:-1, max-image-preview:large, max-video-preview:-1\" \/>\n<link rel=\"canonical\" href=\"https:\/\/www.desideriodelgado.com\/index.php\/en\/museums-and-institutions\/\" \/>\n<meta property=\"og:locale\" content=\"es_ES\" \/>\n<meta property=\"og:type\" content=\"article\" \/>\n<meta property=\"og:title\" content=\"museums and institutions - Desiderio Delgado\" \/>\n<meta property=\"og:description\" content=\"Fine Arts Museum of C\u00f3rdoba. C\u00f3rdoba. Cajasur. C\u00f3rdoba. Caja Rural. Sevilla. Contemporary Arts Museum. Tomelloso (Ciudad Real) Montilla Town Hall (C\u00f3rdoba) Arjonilla\u00a0Town Hall (Ja\u00e9n) Ministry of Labour and Social Affairs. Madrid. (Retrato de D. Manuel Pimentel) Rafael Bot\u00ed Provincial Plastic Arts Foundation. Diputaci\u00f3n de C\u00f3rdoba\" \/>\n<meta property=\"og:url\" content=\"https:\/\/www.desideriodelgado.com\/index.php\/en\/museums-and-institutions\/\" \/>\n<meta property=\"og:site_name\" content=\"Desiderio Delgado\" \/>\n<meta name=\"twitter:card\" content=\"summary_large_image\" \/>\n<script type=\"application\/ld+json\" class=\"yoast-schema-graph\">{\"@context\":\"https:\/\/schema.org\",\"@graph\":[{\"@type\":\"WebPage\",\"@id\":\"https:\/\/www.desideriodelgado.com\/index.php\/en\/museums-and-institutions\/\",\"url\":\"https:\/\/www.desideriodelgado.com\/index.php\/en\/museums-and-institutions\/\",\"name\":\"museums and institutions - Desiderio Delgado\",\"isPartOf\":{\"@id\":\"https:\/\/www.desideriodelgado.com\/#website\"},\"datePublished\":\"2018-08-21T07:20:34+00:00\",\"dateModified\":\"2018-08-21T07:20:34+00:00\",\"breadcrumb\":{\"@id\":\"https:\/\/www.desideriodelgado.com\/index.php\/en\/museums-and-institutions\/#breadcrumb\"},\"inLanguage\":\"es\",\"potentialAction\":[{\"@type\":\"ReadAction\",\"target\":[\"https:\/\/www.desideriodelgado.com\/index.php\/en\/museums-and-institutions\/\"]}]},{\"@type\":\"BreadcrumbList\",\"@id\":\"https:\/\/www.desideriodelgado.com\/index.php\/en\/museums-and-institutions\/#breadcrumb\",\"itemListElement\":[{\"@type\":\"ListItem\",\"position\":1,\"name\":\"Portada\",\"item\":\"https:\/\/www.desideriodelgado.com\/\"},{\"@type\":\"ListItem\",\"position\":2,\"name\":\"museums and institutions\"}]},{\"@type\":\"WebSite\",\"@id\":\"https:\/\/www.desideriodelgado.com\/#website\",\"url\":\"https:\/\/www.desideriodelgado.com\/\",\"name\":\"Desiderio Delgado\",\"description\":\"\",\"publisher\":{\"@id\":\"https:\/\/www.desideriodelgado.com\/#organization\"},\"potentialAction\":[{\"@type\":\"SearchAction\",\"target\":{\"@type\":\"EntryPoint\",\"urlTemplate\":\"https:\/\/www.desideriodelgado.com\/?s={search_term_string}\"},\"query-input\":\"required name=search_term_string\"}],\"inLanguage\":\"es\"},{\"@type\":\"Organization\",\"@id\":\"https:\/\/www.desideriodelgado.com\/#organization\",\"name\":\"Desiderio Delgado\",\"url\":\"https:\/\/www.desideriodelgado.com\/\",\"logo\":{\"@type\":\"ImageObject\",\"inLanguage\":\"es\",\"@id\":\"https:\/\/www.desideriodelgado.com\/#\/schema\/logo\/image\/\",\"url\":\"https:\/\/www.desideriodelgado.com\/wp-content\/uploads\/2017\/03\/cropped-DesiCabeceraM.png\",\"contentUrl\":\"https:\/\/www.desideriodelgado.com\/wp-content\/uploads\/2017\/03\/cropped-DesiCabeceraM.png\",\"width\":771,\"height\":250,\"caption\":\"Desiderio Delgado\"},\"image\":{\"@id\":\"https:\/\/www.desideriodelgado.com\/#\/schema\/logo\/image\/\"}}]}<\/script>\n<!-- \/ Yoast SEO plugin. -->","yoast_head_json":{"title":"museums and institutions - Desiderio Delgado","robots":{"index":"index","follow":"follow","max-snippet":"max-snippet:-1","max-image-preview":"max-image-preview:large","max-video-preview":"max-video-preview:-1"},"canonical":"https:\/\/www.desideriodelgado.com\/index.php\/en\/museums-and-institutions\/","og_locale":"es_ES","og_type":"article","og_title":"museums and institutions - Desiderio Delgado","og_description":"Fine Arts Museum of C\u00f3rdoba. C\u00f3rdoba. Cajasur. C\u00f3rdoba. Caja Rural. Sevilla. Contemporary Arts Museum. Tomelloso (Ciudad Real) Montilla Town Hall (C\u00f3rdoba) Arjonilla\u00a0Town Hall (Ja\u00e9n) Ministry of Labour and Social Affairs. Madrid. (Retrato de D. Manuel Pimentel) Rafael Bot\u00ed Provincial Plastic Arts Foundation. Diputaci\u00f3n de C\u00f3rdoba","og_url":"https:\/\/www.desideriodelgado.com\/index.php\/en\/museums-and-institutions\/","og_site_name":"Desiderio Delgado","twitter_card":"summary_large_image","schema":{"@context":"https:\/\/schema.org","@graph":[{"@type":"WebPage","@id":"https:\/\/www.desideriodelgado.com\/index.php\/en\/museums-and-institutions\/","url":"https:\/\/www.desideriodelgado.com\/index.php\/en\/museums-and-institutions\/","name":"museums and institutions - Desiderio Delgado","isPartOf":{"@id":"https:\/\/www.desideriodelgado.com\/#website"},"datePublished":"2018-08-21T07:20:34+00:00","dateModified":"2018-08-21T07:20:34+00:00","breadcrumb":{"@id":"https:\/\/www.desideriodelgado.com\/index.php\/en\/museums-and-institutions\/#breadcrumb"},"inLanguage":"es","potentialAction":[{"@type":"ReadAction","target":["https:\/\/www.desideriodelgado.com\/index.php\/en\/museums-and-institutions\/"]}]},{"@type":"BreadcrumbList","@id":"https:\/\/www.desideriodelgado.com\/index.php\/en\/museums-and-institutions\/#breadcrumb","itemListElement":[{"@type":"ListItem","position":1,"name":"Portada","item":"https:\/\/www.desideriodelgado.com\/"},{"@type":"ListItem","position":2,"name":"museums and institutions"}]},{"@type":"WebSite","@id":"https:\/\/www.desideriodelgado.com\/#website","url":"https:\/\/www.desideriodelgado.com\/","name":"Desiderio Delgado","description":"","publisher":{"@id":"https:\/\/www.desideriodelgado.com\/#organization"},"potentialAction":[{"@type":"SearchAction","target":{"@type":"EntryPoint","urlTemplate":"https:\/\/www.desideriodelgado.com\/?s={search_term_string}"},"query-input":"required name=search_term_string"}],"inLanguage":"es"},{"@type":"Organization","@id":"https:\/\/www.desideriodelgado.com\/#organization","name":"Desiderio Delgado","url":"https:\/\/www.desideriodelgado.com\/","logo":{"@type":"ImageObject","inLanguage":"es","@id":"https:\/\/www.desideriodelgado.com\/#\/schema\/logo\/image\/","url":"https:\/\/www.desideriodelgado.com\/wp-content\/uploads\/2017\/03\/cropped-DesiCabeceraM.png","contentUrl":"https:\/\/www.desideriodelgado.com\/wp-content\/uploads\/2017\/03\/cropped-DesiCabeceraM.png","width":771,"height":250,"caption":"Desiderio Delgado"},"image":{"@id":"https:\/\/www.desideriodelgado.com\/#\/schema\/logo\/image\/"}}]}},"_links":{"self":[{"href":"https:\/\/www.desideriodelgado.com\/index.php\/wp-json\/wp\/v2\/pages\/591"}],"collection":[{"href":"https:\/\/www.desideriodelgado.com\/index.php\/wp-json\/wp\/v2\/pages"}],"about":[{"href":"https:\/\/www.desideriodelgado.com\/index.php\/wp-json\/wp\/v2\/types\/page"}],"author":[{"embeddable":true,"href":"https:\/\/www.desideriodelgado.com\/index.php\/wp-json\/wp\/v2\/users\/1"}],"replies":[{"embeddable":true,"href":"https:\/\/www.desideriodelgado.com\/index.php\/wp-json\/wp\/v2\/comments?post=591"}],"version-history":[{"count":1,"href":"https:\/\/www.desideriodelgado.com\/index.php\/wp-json\/wp\/v2\/pages\/591\/revisions"}],"predecessor-version":[{"id":593,"href":"https:\/\/www.desideriodelgado.com\/index.php\/wp-json\/wp\/v2\/pages\/591\/revisions\/593"}],"wp:attachment":[{"href":"https:\/\/www.desideriodelgado.com\/index.php\/wp-json\/wp\/v2\/media?parent=591"}],"curies":[{"name":"wp","href":"https:\/\/api.w.org\/{rel}","templated":true}]}}